{"id":4602,"date":"2024-12-03T15:30:40","date_gmt":"2024-12-03T14:30:40","guid":{"rendered":"https:\/\/136017-v1.webtonia.cloud\/?post_type=product&#038;p=4602"},"modified":"2025-10-29T09:33:26","modified_gmt":"2025-10-29T08:33:26","slug":"mischflasche-1000ml-2","status":"publish","type":"product","link":"https:\/\/136017-v1.webtonia.cloud\/en\/produkt\/mischflasche-1000ml-2\/","title":{"rendered":"Mischflasche 1000ml"},"content":{"rendered":"<p>Die\u00a0Leerflasche ist dazu da um das Simple Green Konzentrat mit Wasser auf die gew\u00fcnschte Verd\u00fcnnung zu mischen. Danach kann der Reiniger einfach aufgespr\u00fcht werden. Der Spr\u00fchkopf kann an der D\u00fcse zwischen einem Strahl und feinem Spr\u00fchen umgestellt werden.<\/p>\n","protected":false},"excerpt":{"rendered":"<p>Die\u00a0Leerflasche ist dazu da um das Simple Green Konzentrat mit Wasser auf die gew\u00fcnschte Verd\u00fcnnung zu mischen. Danach kann der Reiniger einfach aufgespr\u00fcht werden. Der Spr\u00fchkopf kann an der D\u00fcse zwischen einem Strahl und feinem Spr\u00fchen umgestellt werden.<\/p>\n","protected":false},"featured_media":4598,"comment_status":"closed","ping_status":"closed","template":"","meta":{"_acf_changed":false},"product_brand":[],"product_cat":[60],"product_tag":[],"class_list":{"0":"post-4602","1":"product","2":"type-product","3":"status-publish","4":"has-post-thumbnail","6":"product_cat-zubehoer","8":"first","9":"instock","10":"taxable","11":"shipping-taxable","12":"purchasable","13":"product-type-simple"},"acf":[],"aioseo_notices":[],"_links":{"self":[{"href":"https:\/\/136017-v1.webtonia.cloud\/en\/wp-json\/wp\/v2\/product\/4602","targetHints":{"allow":["GET"]}}],"collection":[{"href":"https:\/\/136017-v1.webtonia.cloud\/en\/wp-json\/wp\/v2\/product"}],"about":[{"href":"https:\/\/136017-v1.webtonia.cloud\/en\/wp-json\/wp\/v2\/types\/product"}],"replies":[{"embeddable":true,"href":"https:\/\/136017-v1.webtonia.cloud\/en\/wp-json\/wp\/v2\/comments?post=4602"}],"wp:featuredmedia":[{"embeddable":true,"href":"https:\/\/136017-v1.webtonia.cloud\/en\/wp-json\/wp\/v2\/media\/4598"}],"wp:attachment":[{"href":"https:\/\/136017-v1.webtonia.cloud\/en\/wp-json\/wp\/v2\/media?parent=4602"}],"wp:term":[{"taxonomy":"product_brand","embeddable":true,"href":"https:\/\/136017-v1.webtonia.cloud\/en\/wp-json\/wp\/v2\/product_brand?post=4602"},{"taxonomy":"product_cat","embeddable":true,"href":"https:\/\/136017-v1.webtonia.cloud\/en\/wp-json\/wp\/v2\/product_cat?post=4602"},{"taxonomy":"product_tag","embeddable":true,"href":"https:\/\/136017-v1.webtonia.cloud\/en\/wp-json\/wp\/v2\/product_tag?post=4602"}],"curies":[{"name":"wp","href":"https:\/\/api.w.org\/{rel}","templated":true}]}}