{"id":2854,"date":"2022-07-01T09:10:57","date_gmt":"2022-07-01T07:10:57","guid":{"rendered":"https:\/\/136017-v1.webtonia.cloud\/?post_type=product&#038;p=2854"},"modified":"2025-10-29T09:54:07","modified_gmt":"2025-10-29T08:54:07","slug":"simple-green-lemon-allzweckreiniger-1000ml-flasche","status":"publish","type":"product","link":"https:\/\/136017-v1.webtonia.cloud\/en\/produkt\/simple-green-lemon-allzweckreiniger-1000ml-flasche\/","title":{"rendered":"Simple Green Lemon &#8211; Allzweckreiniger, 1000ml Flasche"},"content":{"rendered":"<p><strong>SIMPLE GREEN\u00aeLemon<br \/>\n<\/strong><\/p>\n<p><strong>Konzentrierter Reiniger &amp; Entfetter<\/strong><br \/>\nDie kraftvolle, \u00f6konomische und sichere L\u00f6sung f\u00fcr das\u00a0Reinigen und Entfetten<\/p>\n<p><strong>Besondere Eigenschaften<\/strong><\/p>\n<p>\u2022 Leicht biologisch abbaubare Formulierung<br \/>\n\u2022 Nicht brennbar, nicht abrasiv, nicht korrosiv<br \/>\n\u2022 Eine sichere Alternative zu gef\u00e4hrlichen Reinigern und L\u00f6semitteln<br \/>\n\u2022 Vielseitig einsetzbare Formulierung zur Reinigung und Entfettung aller\u00a0abwaschbarer Ober\u00e4chen<br \/>\n\u2022 Kosteneffizientes Konzentrat f\u00fcr Einsatz von Hand, mit Zubeh\u00f6r oder in\u00a0Maschinen<br \/>\n\u2022 Angenehmer Lemon Duft<\/p>\n<p><strong>Anwendungen<\/strong><\/p>\n<p>\u2022 Ideal f\u00fcr den kommerziellen und industriellen Einsatz, zum Beispiel bei der\u00a0Produktion von Lebensmitteln oder der Reinigung von\u00a0Verkaufsumgebungen, bei der Wartung und Reparatur, Fahrzeugproduktion\u00a0und vielen weiteren<br \/>\n\u2022 Unterwandert Fette, \u00d6le, Schneidmittel, angelagerte Schmutzschichten und\u00a0R\u00fcckst\u00e4nde auf Maschinen, Motoren, technischer Ausr\u00fcstung, Fahrzeugen\u00a0oder Produktionsteilen.<br \/>\n\u2022 Reinigt und desodoriert Lebensmittelr\u00fcckst\u00e4nde, \u00d6le und Fette von Theken,\u00a0Ger\u00e4ten, Grills, Luftabz\u00fcgen und Abzugshauben, Abfl\u00fcssen oder M\u00fclleimern<br \/>\n\u2022 Auch geeignet f\u00fcr die Vorreinigung und Entfettung vor Malerarbeiten<br \/>\n\u2022 Das Konzentrat kann einfach und \u00f6konomisch verd\u00fcnnt werden f\u00fcr\u00a0unterschiedliche Anwendungen in B\u00fcros, , K\u00fcchen, Pausenr\u00e4umen und\u00a0Bodenfl\u00e4chen sowie bei der Geb\u00e4udeinstandhaltung<br \/>\n\u2022 Geeignet f\u00fcr den Einsatz in Reinigungsger\u00e4ten wie Schrubbsauger\/Schrubbsaug-Automaten, Teppichreinigern, Hochdruckreinigern oder\u00a0Schaumger\u00e4ten<br \/>\n\u2022 Kraftvoll genug zum Entfernen von mehreren Schichten von Schmutz, aber\u00a0gleichzeitig schonend genug f\u00fcr den regelm\u00e4\u00dfigen Einsatz bei der\u00a0Instandhaltung von Inhausverkehrs\u00e4chen<!--more--><\/p>\n<p><strong>Verd\u00fcnnungshinweise<\/strong><\/p>\n<p style=\"padding-left: 40px\"><strong>Starke Reinigungsleistung (50%)<\/strong><br \/>\nDicke Schmutzschichten, \u00d6le, Ru\u00df, eingebrannte R\u00fcckst\u00e4nde, Schmutz auf\u00a0por\u00f6sen Ober\u00e4chen<\/p>\n<p style=\"padding-left: 40px\"><strong>Mittlere Reinigungsleistung (50%-10%)<\/strong><br \/>\nFette und \u00d6le, Konservierungsmittel auf Oberfl\u00e4chen, Hydaulikfl\u00fcssigkeiten,\u00a0Schmutz, Essensr\u00fcckst.nde<\/p>\n<p style=\"padding-left: 40px\"><strong>Leichte Reinigungsleistung (5%-1%)<\/strong><br \/>\nStaub, leicht entfernbare \u00d6le und Fette, B\u00f6den und W\u00e4nde, gering verschmutzte\u00a0Oberfl\u00e4chen<\/p>\n<p style=\"padding-left: 40px\"><strong>Bei mechanische Unterst\u00fctzung des Reinigers (6%-4%)<\/strong><br \/>\nSchrubben, B\u00fcrsten, Hoch-\/Mitteldruck, Dampf etc.<\/p>\n<p style=\"padding-left: 40px\"><strong>Glass, Spiegel, Linsen, reektierende Ober\u00e4chen: (1% oderweniger)<\/strong><\/p>\n<p>&nbsp;<\/p>\n<p>&nbsp;<\/p>\n<p>&nbsp;<\/p>\n","protected":false},"excerpt":{"rendered":"<p>SIMPLE GREEN\u00aeLemon Konzentrierter Reiniger &amp; Entfetter Die kraftvolle, \u00f6konomische und sichere L\u00f6sung f\u00fcr das\u00a0Reinigen und Entfetten Besondere Eigenschaften \u2022 Leicht biologisch abbaubare Formulierung \u2022 Nicht brennbar, nicht abrasiv, nicht korrosiv \u2022 Eine sichere Alternative zu gef\u00e4hrlichen Reinigern und L\u00f6semitteln \u2022 Vielseitig einsetzbare Formulierung zur Reinigung und Entfettung aller\u00a0abwaschbarer Ober\u00e4chen \u2022 Kosteneffizientes Konzentrat f\u00fcr Einsatz von [&hellip;]<\/p>\n","protected":false},"featured_media":2857,"comment_status":"closed","ping_status":"closed","template":"","meta":{"_acf_changed":false},"product_brand":[],"product_cat":[76],"product_tag":[],"class_list":{"0":"post-2854","1":"product","2":"type-product","3":"status-publish","4":"has-post-thumbnail","6":"product_cat-lemon","8":"first","9":"instock","10":"taxable","11":"shipping-taxable","12":"purchasable","13":"product-type-simple"},"acf":[],"aioseo_notices":[],"_links":{"self":[{"href":"https:\/\/136017-v1.webtonia.cloud\/en\/wp-json\/wp\/v2\/product\/2854","targetHints":{"allow":["GET"]}}],"collection":[{"href":"https:\/\/136017-v1.webtonia.cloud\/en\/wp-json\/wp\/v2\/product"}],"about":[{"href":"https:\/\/136017-v1.webtonia.cloud\/en\/wp-json\/wp\/v2\/types\/product"}],"replies":[{"embeddable":true,"href":"https:\/\/136017-v1.webtonia.cloud\/en\/wp-json\/wp\/v2\/comments?post=2854"}],"wp:featuredmedia":[{"embeddable":true,"href":"https:\/\/136017-v1.webtonia.cloud\/en\/wp-json\/wp\/v2\/media\/2857"}],"wp:attachment":[{"href":"https:\/\/136017-v1.webtonia.cloud\/en\/wp-json\/wp\/v2\/media?parent=2854"}],"wp:term":[{"taxonomy":"product_brand","embeddable":true,"href":"https:\/\/136017-v1.webtonia.cloud\/en\/wp-json\/wp\/v2\/product_brand?post=2854"},{"taxonomy":"product_cat","embeddable":true,"href":"https:\/\/136017-v1.webtonia.cloud\/en\/wp-json\/wp\/v2\/product_cat?post=2854"},{"taxonomy":"product_tag","embeddable":true,"href":"https:\/\/136017-v1.webtonia.cloud\/en\/wp-json\/wp\/v2\/product_tag?post=2854"}],"curies":[{"name":"wp","href":"https:\/\/api.w.org\/{rel}","templated":true}]}}