{"id":2056,"date":"2022-01-04T16:32:18","date_gmt":"2022-01-04T15:32:18","guid":{"rendered":"https:\/\/136017-v1.webtonia.cloud\/?post_type=product&#038;p=2056"},"modified":"2025-10-29T09:56:16","modified_gmt":"2025-10-29T08:56:16","slug":"xcp-rust-blocker-clear-coat","status":"publish","type":"product","link":"https:\/\/136017-v1.webtonia.cloud\/en\/produkt\/xcp-rust-blocker-clear-coat\/","title":{"rendered":"XCP RUST BLOCKER CLEAR COAT 400ml"},"content":{"rendered":"<p>XCP RUST BLOCKER CLEAR COAT ist ein leistungsstarkes Rostschutzspray. Es schafft eine lang anhaltende Schutzbarriere, die jede Stahl-, Metall- oder Legierungsoberfl\u00e4che vor den Auswirkungen von Rost und Korrosion sch\u00fctzt. Verwenden Sie es auf freiliegenden Metalloberfl\u00e4chen, einschlie\u00dflich Motorkomponenten, Aufh\u00e4ngungen, Fahrwerken, Chrom, Ketten, elektrischen Anschl\u00fcssen, Motoren, Wellen, Spindeln sowie Werkzeugen und Ausr\u00fcstungen f\u00fcr Transport und Lagerung und vieles mehr!<\/p>\n<p>MERKMALE:<br \/>\n\u2022 Leistungsstarker Schutz: F\u00fcr marktf\u00fchrenden Korrosions- und Rostschutz vertrauen Sie auf XCP RUST BLOCKER CLEAR COAT, um lang anhaltenden Schutz gegen Feuchtigkeit, Salzspr\u00fchnebel und andere korrosive Elemente zu gew\u00e4hrleisten.<br \/>\n\u2022 Einfache Anwendung und Entfernung: Leicht zu spr\u00fchen, zu wischen und zu b\u00fcrsten. XCP RUST BLOCKER CLEAR COAT bildet einen dauerhaften, NICHT-klebrigen, weichen Oberfl\u00e4chenfilm, der einen hervorragenden Korrosions- und Rostschutz bietet.<br \/>\n\u2022 Hervorragende Oberfl\u00e4chenverteilung: Aufgrund seiner geringen Oberfl\u00e4chenspannung breitet sich XCP RUST BLOCKER CLEAR COAT schnell aus, um eine optimale Oberfl\u00e4chenabdeckung zu gew\u00e4hrleisten und dringt in unzug\u00e4ngliche Bereiche wie N\u00e4hte, Fugen und Gewinde ein.<\/p>\n<p>ANWENDUNGSGEBIETE:<br \/>\n\u2022 Autowartung<br \/>\n\u2022 Fahrrad\/Motorradwartung<br \/>\n\u2022 Bootsfahren &amp; Wassersport<br \/>\n\u2022 Maschinenbau und Industrie<br \/>\n\u2022 Luftfahrt und Raumfahrtindustrie<br \/>\n\u2022 Milit\u00e4r und Schusswaffen<br \/>\n\u2022 Angelger\u00e4te und \u2013ausr\u00fcstung<br \/>\n\u2022 Druckequipment und Maschinen<br \/>\n\u2022 Landwirtschaftliche Maschinen<br \/>\n\u2022 Schneer\u00e4umungsausr\u00fcstung<br \/>\n\u2022 Garage und Werkstatt<br \/>\n\u2022 Im Haus &amp; Garten<br \/>\n\u2022 Marine &amp; auf offener See<br \/>\n\u2022 Betriebsmittelwartung<br \/>\n\u2022 Bergbau &amp; Minen<br \/>\n\u2022 Bauwesen<br \/>\n\u2022 Wohnmobile &amp; Wohnwagen<br \/>\n\u2022 Hobbies &amp; Kunsthandwerk<br \/>\n\u2022 Fertigungslinien, Ausr\u00fcstungen &amp; Werkzeuge<br \/>\n\u2022 Und vieles mehr \u2026<\/p>\n","protected":false},"excerpt":{"rendered":"<p>XCP RUST BLOCKER CLEAR COAT ist ein leistungsstarkes Rostschutzspray. Es schafft eine lang anhaltende Schutzbarriere, die jede Stahl-, Metall- oder Legierungsoberfl\u00e4che vor den Auswirkungen von Rost und Korrosion sch\u00fctzt. Verwenden Sie es auf freiliegenden Metalloberfl\u00e4chen, einschlie\u00dflich Motorkomponenten, Aufh\u00e4ngungen, Fahrwerken, Chrom, Ketten, elektrischen Anschl\u00fcssen, Motoren, Wellen, Spindeln sowie Werkzeugen und Ausr\u00fcstungen f\u00fcr Transport und Lagerung und [&hellip;]<\/p>\n","protected":false},"featured_media":1912,"comment_status":"closed","ping_status":"closed","template":"","meta":{"_acf_changed":false},"product_brand":[],"product_cat":[62],"product_tag":[],"class_list":{"0":"post-2056","1":"product","2":"type-product","3":"status-publish","4":"has-post-thumbnail","6":"product_cat-xcp-professional","8":"first","9":"instock","10":"taxable","11":"shipping-taxable","12":"purchasable","13":"product-type-simple"},"acf":[],"aioseo_notices":[],"_links":{"self":[{"href":"https:\/\/136017-v1.webtonia.cloud\/en\/wp-json\/wp\/v2\/product\/2056","targetHints":{"allow":["GET"]}}],"collection":[{"href":"https:\/\/136017-v1.webtonia.cloud\/en\/wp-json\/wp\/v2\/product"}],"about":[{"href":"https:\/\/136017-v1.webtonia.cloud\/en\/wp-json\/wp\/v2\/types\/product"}],"replies":[{"embeddable":true,"href":"https:\/\/136017-v1.webtonia.cloud\/en\/wp-json\/wp\/v2\/comments?post=2056"}],"wp:featuredmedia":[{"embeddable":true,"href":"https:\/\/136017-v1.webtonia.cloud\/en\/wp-json\/wp\/v2\/media\/1912"}],"wp:attachment":[{"href":"https:\/\/136017-v1.webtonia.cloud\/en\/wp-json\/wp\/v2\/media?parent=2056"}],"wp:term":[{"taxonomy":"product_brand","embeddable":true,"href":"https:\/\/136017-v1.webtonia.cloud\/en\/wp-json\/wp\/v2\/product_brand?post=2056"},{"taxonomy":"product_cat","embeddable":true,"href":"https:\/\/136017-v1.webtonia.cloud\/en\/wp-json\/wp\/v2\/product_cat?post=2056"},{"taxonomy":"product_tag","embeddable":true,"href":"https:\/\/136017-v1.webtonia.cloud\/en\/wp-json\/wp\/v2\/product_tag?post=2056"}],"curies":[{"name":"wp","href":"https:\/\/api.w.org\/{rel}","templated":true}]}}