{"id":1835,"date":"2021-06-16T12:04:08","date_gmt":"2021-06-16T10:04:08","guid":{"rendered":"https:\/\/136017-v1.webtonia.cloud\/?post_type=product&#038;p=1835"},"modified":"2025-10-29T09:57:03","modified_gmt":"2025-10-29T08:57:03","slug":"xcp-ketten-spray","status":"publish","type":"product","link":"https:\/\/136017-v1.webtonia.cloud\/en\/produkt\/xcp-ketten-spray\/","title":{"rendered":"XCP Ketten Spray 400ml"},"content":{"rendered":"<p>XCP Ketten Spray ist ein Hochleistungs- Kettenspray, es liefert langanhaltend Schutz gegen Verschlei\u00df und Korrosion. Als leistungsstarke Mischung aus mineralischen und nachwachsenden Inhaltsstoffen, ist es daf\u00fcr ausgelegt extremen Druck zu widerstehen und Reibung zu minimieren, was der Kette erlaubt mehr Leistung zu \u00fcbertragen. Kompatibel mit O-, X- und Z- Ring Ketten.<\/p>\n<p>MERKMALE:<br \/>\nULTRA D\u00dcNNER, NICHT KLEBRIGER FILM<br \/>\nXCP Ketten Spray verteilt sich schnell in die Kettenglieder und Kettenr\u00e4der und beschichtet sie mit einem d\u00fcnnen, gleichm\u00e4\u00dfigen und nicht klebrigen Film, welcher die Kette schmiert und sch\u00fctzt. Der nicht klebrige Film erlaubt eine einfachere Reinigung der Kette. Anwendbar f\u00fcr Motorr\u00e4der, ATV`s, und andere Antriebsketten. Anwendbar im Onroad- und im Offroad-Bereich.<\/p>\n<p>ANWENDUNGEN:<\/p>\n<p>\u2022 Motorr\u00e4der<br \/>\n\u2022 Gel\u00e4ndefahrzeuge<br \/>\n\u2022 Fahrr\u00e4der \/ E-Bikes<br \/>\n\u2022 Gabelstapler<br \/>\n\u2022 Druckmaschinen<br \/>\n\u2022 F\u00f6rderb\u00e4nder<br \/>\n\u2022 Und mehr&#8230;<\/p>\n","protected":false},"excerpt":{"rendered":"<p>XCP Ketten Spray ist ein Hochleistungs- Kettenspray, es liefert langanhaltend Schutz gegen Verschlei\u00df und Korrosion. Als leistungsstarke Mischung aus mineralischen und nachwachsenden Inhaltsstoffen, ist es daf\u00fcr ausgelegt extremen Druck zu widerstehen und Reibung zu minimieren, was der Kette erlaubt mehr Leistung zu \u00fcbertragen. Kompatibel mit O-, X- und Z- Ring Ketten. MERKMALE: ULTRA D\u00dcNNER, NICHT [&hellip;]<\/p>\n","protected":false},"featured_media":1913,"comment_status":"closed","ping_status":"closed","template":"","meta":{"_acf_changed":false},"product_brand":[],"product_cat":[62],"product_tag":[],"class_list":{"0":"post-1835","1":"product","2":"type-product","3":"status-publish","4":"has-post-thumbnail","6":"product_cat-xcp-professional","8":"first","9":"instock","10":"taxable","11":"shipping-taxable","12":"purchasable","13":"product-type-simple"},"acf":[],"aioseo_notices":[],"_links":{"self":[{"href":"https:\/\/136017-v1.webtonia.cloud\/en\/wp-json\/wp\/v2\/product\/1835","targetHints":{"allow":["GET"]}}],"collection":[{"href":"https:\/\/136017-v1.webtonia.cloud\/en\/wp-json\/wp\/v2\/product"}],"about":[{"href":"https:\/\/136017-v1.webtonia.cloud\/en\/wp-json\/wp\/v2\/types\/product"}],"replies":[{"embeddable":true,"href":"https:\/\/136017-v1.webtonia.cloud\/en\/wp-json\/wp\/v2\/comments?post=1835"}],"wp:featuredmedia":[{"embeddable":true,"href":"https:\/\/136017-v1.webtonia.cloud\/en\/wp-json\/wp\/v2\/media\/1913"}],"wp:attachment":[{"href":"https:\/\/136017-v1.webtonia.cloud\/en\/wp-json\/wp\/v2\/media?parent=1835"}],"wp:term":[{"taxonomy":"product_brand","embeddable":true,"href":"https:\/\/136017-v1.webtonia.cloud\/en\/wp-json\/wp\/v2\/product_brand?post=1835"},{"taxonomy":"product_cat","embeddable":true,"href":"https:\/\/136017-v1.webtonia.cloud\/en\/wp-json\/wp\/v2\/product_cat?post=1835"},{"taxonomy":"product_tag","embeddable":true,"href":"https:\/\/136017-v1.webtonia.cloud\/en\/wp-json\/wp\/v2\/product_tag?post=1835"}],"curies":[{"name":"wp","href":"https:\/\/api.w.org\/{rel}","templated":true}]}}