{"id":556,"date":"2019-11-06T10:03:32","date_gmt":"2019-11-06T09:03:32","guid":{"rendered":"http:\/\/136017.webtonia-server2.de\/allgemeine_geschaeftsbedingungen\/"},"modified":"2020-09-01T11:45:17","modified_gmt":"2020-09-01T09:45:17","slug":"allgemeine_geschaeftsbedingungen","status":"publish","type":"page","link":"https:\/\/136017-v1.webtonia.cloud\/en\/allgemeine_geschaeftsbedingungen\/","title":{"rendered":"Allgemeine Gesch\u00e4ftsbedingungen"},"content":{"rendered":"<section id=\"legal-page-template\" class=\"uk-section\">\n<div class=\"uk-container\">\n<p><strong>Allgemeine Gesch\u00e4ftsbedingungen der ExTrade Trapp u. Partner GmbH, www.extrade.de<\/strong><\/p>\n<p>F\u00fcr das Internetangebot auf www.extrade.de ist verantwortlich:<\/p>\n<p>ExTrade Trapp u. Partner GmbH,<br \/>\nGesch\u00e4ftsf\u00fchrer: Alfred Trapp,<br \/>\nOberdorster Stra\u00dfe 4,<br \/>\n53819 Neunkirchen-Seelscheid,<br \/>\nDeutschland,<br \/>\nTelefon: +49 2243 911280,<br \/>\nTelefax: +49 2243 9112829,<br \/>\neMail: info@extradeweb.de<\/p>\n<p><strong>\u00a7 1 Allgemeines<\/strong><\/p>\n<p>1.1 Diese Allgemeinen Gesch\u00e4ftsbedingungen (AGB) gelten f\u00fcr alle Angebote und Leistungen betreffend die Internet-Plattform www.extrade.de Sofern der Kunde auf die Einbeziehung seiner eigenen Gesch\u00e4fts- oder Einkaufsbedingungen hinweist, wird diesen widersprochen.<\/p>\n<p>1.2 Individuelle Vertragsabreden haben Vorrang vor Allgemeinen Gesch\u00e4ftsbedingungen.<\/p>\n<p><strong>\u00a7 2 Zustandekommen des Vertrages<\/strong><\/p>\n<p>2.1 Die Leistungsbeschreibungen auf unserer Internetseite www.extrade.de stellen noch keine Angebote zum Abschluss eines Kaufvertrages dar. Ein solches Angebot wird erst mit der Online-Bestellung des Kunden \u00fcber das Kontaktformular oder auf Grund einer telefonischen oder in Textform erfolgenden Bestellung abgegeben. Die anschlie\u00dfend von uns verschickte Best\u00e4tigung des Eingangs der Bestellung stellt noch keine Annahme dieses Angebotes dar. Der Kaufvertrag kommt erst zustande mit Zugang der Auftragsbest\u00e4tigung. Der Kunde ist an sein Angebot nicht mehr gebunden (dieses erlischt), falls wir ihm nicht binnen 5 Kalendertagen (gerechnet ab dem Eingang der Bestellung bei uns) die Annahmeerkl\u00e4rung \u00fcbermittelt haben.<\/p>\n<p>2.2 Ist eine dem Kunden versp\u00e4tet zugegangene Annahmeerkl\u00e4rung dergestalt abgesendet worden, dass sie bei regelm\u00e4\u00dfiger Bef\u00f6rderung ihm rechtzeitig zugegangen sein w\u00fcrde, und musste der Kunde dies erkennen, so hat er uns die Versp\u00e4tung unverz\u00fcglich nach dem Empfang der Erkl\u00e4rung anzuzeigen, sofern es nicht schon vorher geschehen ist. Verz\u00f6gert der Kunde die Absendung der Anzeige, so gilt die Annahme als nicht versp\u00e4tet. Im \u00dcbrigen gilt die versp\u00e4tete Annahme durch uns als ein neues Angebot zum Abschluss eines Kaufvertrages, das der Kunde durch ausdr\u00fcckliche Annahmeerkl\u00e4rung oder durch Entgegennahme der Ware annehmen kann.<\/p>\n<p><strong>\u00a7 3 Rechtswahl<\/strong><\/p>\n<p>Auf die vertraglichen Beziehungen zwischen den Kaufvertragsparteien findet das Recht der Bundesrepublik Deutschland Anwendung. Von dieser Rechtswahl ausgenommen sind die zwingenden Verbraucherschutzvorschriften des Landes, in dem der Kunde seinen gew\u00f6hnlichen Aufenthalt hat. Die Anwendung des UN-Kaufrechts (CSIG) ist ausgeschlossen.<\/p>\n<p><strong>\u00a7 4 Preise, Zahlung, Lieferung, Versandkosten<\/strong><\/p>\n<p>4.1 In der Verg\u00fctung ist die zum Zeitpunkt der Bestellung jeweils g\u00fcltige Umsatzsteuer (Mehrwertsteuer) enthalten.<\/p>\n<p>4.2 Bei Vertragsschl\u00fcssen bieten wir folgende Zahlungsm\u00f6glichkeiten f\u00fcr Lieferungen innerhalb von Deutschland und ins Ausland an: Vorauskasse per \u00dcberweisung, Vorauskasse per Paypal.<\/p>\n<p>4.3. Der Kunde hat den Kaufpreis innerhalb von 14 Kalendertagen nach Abschluss des Kaufvertrages und Erhalt der Rechnung unter Angabe der Rechnungsnummer auf folgendes Konto per \u00dcberweisung zu entrichten:<\/p>\n<p>Kontoinhaber: ExTrade Trapp u. Partner GmbH<br \/>\nIBAN: DE 5037 0100 5005 3075 1500<br \/>\nBIC: PBNKDEFF<\/p>\n<p>Name der Bank: Postbank K\u00f6ln<\/p>\n<p>4.4 Alle Artikel werden innerhalb Deutschlands und in das EU-Ausland ausgeliefert.<\/p>\n<p>4.5 Die Lieferung erfolgt per DHL.<\/p>\n<p>4.5 Die Versandkosten finden Sie unter der Schaltfl\u00e4che \u201eVersand\u201c sowie bei den Angeboten.<\/p>\n<p><strong>\u00a7 5 Fernabsatzrechtliche Informationen<\/strong><\/p>\n<p>5.1 Die Beschreibung der Waren ergibt sich aus der Pr\u00e4sentation im Internet unter www.extrade.de.<\/p>\n<p>5.2 Die Belehrungen \u00fcber Ihr gesetzliches Widerrufsrecht als Verbraucher, Ausnahmen vom Widerrufsrecht, dessen vorzeitiges Erl\u00f6schen, das Widerrufsformular, die Folgen des Widerrufs, z. B. R\u00fccksendung, R\u00fccksendekosten und Wertersatz, finden Sie unter dem Men\u00fcpunkt \u201eWiderrufsrecht\u201c.<\/p>\n<p>5.3 Die Lieferung erfolgt sp\u00e4testens innerhalb von 5 Arbeitstagen (Montag bis Freitag, Feiertage ausgenommen) nach Erteilung des Zahlungsauftrags an das \u00fcberweisende Kreditinstitut.<\/p>\n<p>5.4 Wir erbringen keine Kundendienstleistungen, insbesondere keinen Kundendienst, und gew\u00e4hren selbst keine Garantien.<\/p>\n<p>5.5 Ein au\u00dfergerichtliches Beschwerde- oder Rechtsbehelfsverfahren, dem wir unterworfen sind, gibt es nicht.<\/p>\n<p>5.6 Seit dem 09.01.2016 ist die Verordnung (EU) Nr. 524\/2013 (ODR-Verordnung) in Kraft \u00fcber die Online-Streitbeilegung in Verbraucherangelegenheiten. Sie gilt f\u00fcr die au\u00dfergerichtliche Streitbeilegung von Streitigkeiten \u00fcber vertragliche Verpflichtungen aus Online-Kaufvertr\u00e4gen oder Online-Dienstleistungsvertr\u00e4gen zwischen Verbrauchern und Online-H\u00e4ndlern und bezweckt die Erreichung eines hohen Verbraucherschutzniveaus im europ\u00e4ischen Binnenmarkt. Mit der M\u00f6glichkeit einer Online-Streitbeilegung (OS) soll eine einfache, effiziente, schnelle und kosteng\u00fcnstige au\u00dfergerichtliche L\u00f6sung f\u00fcr Streitigkeiten angeboten werden. Die OS-Plattform leitet ordnungsgem\u00e4\u00df gestellte Beschwerden an die (nach nationalem Recht) zust\u00e4ndigen AS-Stellen (Au\u00dfergerichtliche Streitbeilegung) weiter. Die Nutzung der OS-Plattform selbst ist kostenlos, in Verfahren vor den AS-Stellen k\u00f6nnen dem Verbraucher ggf. Kosten (bis zu 30,00 EUR) entstehen, falls sein Antrag rechtsmissbr\u00e4uchlich ist.<\/p>\n<p>Link zur OS-Plattform der EU-Kommission: www.ec.europa.eu\/consumers\/odr<\/p>\n<p>Unsere E-Mailadresse lautet: info@extrade.de<\/p>\n<p><strong>\u00a7 6 Informationen zum elektronischen Gesch\u00e4ftsverkehr<\/strong><\/p>\n<p>6.1 Technische Schritte zum Vertragsschluss: siehe dazu die die Erl\u00e4uterungen in Ziffer 2 unserer AGB.<\/p>\n<p>6.2 Der Kunde kann den Vertragstext abspeichern, indem er durch die Funktion seines Browsers \u201eSpeichern unter\u201c die betreffende Internetseite auf seinem Computer sichert. Durch die Druckfunktion seines Browsers hat er zudem die M\u00f6glichkeit, den Vertragstext auszudrucken. Wir selbst speichern die Vertragstexte und machen dem Kunden diese auf Wunsch per Email oder per Post zug\u00e4nglich.<\/p>\n<p>6.3 Seine Eingaben kann der Kunde w\u00e4hrend des Bestellvorgangs jederzeit korrigieren, indem er den Button \u201eZur\u00fcck\u201c im Browser w\u00e4hlt und dann die entsprechende \u00c4nderung vornimmt. Durch Schlie\u00dfen des Webbrowsers kann der Kunde den gesamten Bestellvorgang jederzeit abbrechen. Weiterhin bietet auch die Bestell\u00fcbersicht vor Absenden der Online-Bestellung noch eine zus\u00e4tzliche Korrekturm\u00f6glichkeit, auf die der Kunde hingewiesen wird.<\/p>\n<p>6.4 Die f\u00fcr den Vertragsabschluss zur Verf\u00fcgung stehende Sprache ist ausschlie\u00dflich Deutsch.<\/p>\n<p>6.5 Wir haben uns keinem besonderen Verhaltenskodex (Regelwerk) unterworfen.<\/p>\n<p><strong>\u00a7 7 Gew\u00e4hrleistung<\/strong><\/p>\n<p>7.1 Es besteht ein gesetzliches M\u00e4ngelhaftungsrecht f\u00fcr Waren. Die Gew\u00e4hrleistung bei M\u00e4ngeln der Ware betr\u00e4gt bei Neuwaren gem\u00e4\u00df der gesetzlichen Regelung 24 Monate.<\/p>\n<p>F\u00fcr gebrauchte Waren betr\u00e4gt die Gew\u00e4hrleistungszeit 12 Monate. Die Gew\u00e4hrleistungsfrist beginnt ab der \u00dcbergabe der Ware an den K\u00e4ufer.<\/p>\n<p>Es bleibt aber bei der regelm\u00e4\u00dfigen Verj\u00e4hrungsfrist von 3 Jahren,<\/p>\n<p>beginnend mit dem Schluss des Jahres, in dem<br \/>\n1. der Anspruch entstanden ist und<br \/>\n2. der Gl\u00e4ubiger von den den Anspruch begr\u00fcndenden Umst\u00e4nden und der Person des Schuldners Kenntnis erlangt oder ohne grobe Fahrl\u00e4ssigkeit erlangen m\u00fcsste,<\/p>\n<p>\u2013 wenn es um die Haftung f\u00fcr Sch\u00e4den aus der Verletzung des Lebens, des K\u00f6rpers oder der Gesundheit geht, die auf einer von mir begangenen fahrl\u00e4ssigen oder vors\u00e4tzlichen Pflichtverletzung oder einer vors\u00e4tzlichen oder fahrl\u00e4ssigen Pflichtverletzung eines meiner Erf\u00fcllungsgehilfen beruhen oder<\/p>\n<p>\u2013 wenn es um die Haftung f\u00fcr sonstige Sch\u00e4den geht, die auf einer von mir begangenen vors\u00e4tzlichen oder grob fahrl\u00e4ssigen Pflichtverletzung oder auf einer vors\u00e4tzlichen oder grob fahrl\u00e4ssigen Pflichtverletzung eines meiner Erf\u00fcllungsgehilfen beruhen oder<\/p>\n<p>\u2013 wenn es um die Haftung f\u00fcr arglistig verschwiegene M\u00e4ngel, um Anspr\u00fcche aus Garantieversprechen oder die Haftung nach zwingenden gesetzlichen Vorschriften geht, z. B. nach dem Produkthaftungsgesetz.<\/p>\n<p>Unber\u00fchrt bleibt die zweij\u00e4hrige Verj\u00e4hrungsfrist f\u00fcr R\u00fcckgriffsanspr\u00fcche gem\u00e4\u00df \u00a7\u00a7 478, 479 BGB.<\/p>\n<p>7.2 Die Gew\u00e4hrleistungerstreckt sich nicht auf den normalen Verschlei\u00df oder die normale Abnutzung.<\/p>\n<p><strong>\u00a7 8 Eigentumsvorbehalt<\/strong><\/p>\n<p>8.1 Wir behalten uns das Eigentum an dem gelieferten Gegenstand bis zum Eingang aller Zahlungen aus dem Kaufvertrag vor. Kommt der K\u00e4ufer seinen vertraglichen Pflichten nicht nach, insbesondere im Fall des Zahlungsverzugs, sind wir berechtigt, den gelieferten Gegenstand heraus zu verlangen; der K\u00e4ufer ist in diesem Falle zur Herausgabe des Gegenstandes verpflichtet.<\/p>\n<p>8.2 Der K\u00e4ufer ist verpflichtet, uns bei Pf\u00e4ndungen bez\u00fcglich des Kaufgegenstandes oder sonstiger diesbez\u00fcglicher Zugriffe oder Zugriffsversuche Dritter bez\u00fcglich des Kaufgegenstandes unverz\u00fcglich zu benachrichtigen, damit wir unsere Rechte aus dem Eigentumsvorbehalt wahrnehmen k\u00f6nnen.<\/p>\n<p><strong>\u00a7 9 Hinweis zum Batteriegesetz (BattG)<\/strong><\/p>\n<p>Falls das Angebot Akkus oder Batterien umfasst, sind Sie gesetzlich verpflichtet, gebrauchte Batterien oder Akkus gesondert zu entsorgen. Bitte geben Sie diese an einer kommunalen Sammelstelle oder im Handel vor Ort ab. Batterien und Akkus, die sie von uns erhalten haben, k\u00f6nnen Sie bei uns unentgeltlich zur\u00fcckgeben. Batterien oder Akkus, die Schadstoffe enthalten, sind mit dem Symbol einer durchgestrichenen M\u00fclltonne und dem chemischen Symbol des jeweiligen Schadstoffes (z.B. \u201eCd\u201c f\u00fcr Cadmium, \u201ePb\u201c f\u00fcr Blei, \u201eHg\u201c f\u00fcr Quecksilber) gekennzeichnet. Sie finden diese Hinweise auch noch einmal in den Begleitpapieren der Warensendung.<\/p>\n<p><strong>\u00a7 10 Transportsch\u00e4den<\/strong><\/p>\n<p>10.1 Werden Waren mit offensichtlichen Transportsch\u00e4den angeliefert, so reklamieren Sie solche Fehler bitte sofort bei dem Zusteller und nehmen Sie bitte schnellstm\u00f6glich Kontakt mit uns auf.<\/p>\n<p>10.2 Die Vers\u00e4umung einer Reklamation oder Kontaktaufnahme hat f\u00fcr Ihre gesetzlichen Gew\u00e4hrleistungsanspr\u00fcche keinerlei Konsequenzen. Sie helfen uns aber, unsere eigenen Anspr\u00fcche gegen\u00fcber dem Frachtf\u00fchrer bzw. dem Transportversicherer geltend machen zu k\u00f6nnen.<\/p>\n<p><strong>\u00a7 11 Datenschutz<\/strong><\/p>\n<p>11.1 Alle von uns erhobenen und gespeicherten pers\u00f6nlichen Kundendaten werden ausschlie\u00dflich zum Zwecke der Vertragsabwicklung verwendet. Es werden Vor- und Familiennamen des Kunden, die zugeh\u00f6rige Rechnungs- und Lieferanschrift sowie eine ggf. hinterlegte Rufnummer und Emailadresse gespeichert. Die erhobenen Daten werden nicht an andere Dritte weitergegeben, ausgenommen rechtlich notwendige Ma\u00dfnahmen (z. B. Inkassob\u00fcro, Rechtsanwalt, Auskunfteien) und Ma\u00dfnahmen des Warentransportes einschlie\u00dflich der Sendungsverfolgung.<\/p>\n<p>11.2 Der Kunde hat jederzeit ein Recht auf kostenlose Auskunft, Berichtigung, Sperrung und L\u00f6schung seiner gespeicherten Daten.<\/p>\n<p><strong>\u00a7 12 Urheberrechtshinweis<\/strong><\/p>\n<p>Die auf unseren Internetseiten eingestellten Fotos und die von uns erstellten Texte sind urheberrechtlich gesch\u00fctzt. Das unbefugte Kopieren und Ver\u00f6ffentlichen hiervon (auch nur auszugsweise) wird strafrechtlich und zivilrechtlich verfolgt.<\/p>\n<p><strong>\u00a7 13 Gerichtsstand<\/strong><\/p>\n<p>F\u00fcr alle wechselseitigen Anspr\u00fcche aus dem Vertragsverh\u00e4ltnis sowie f\u00fcr alle hieraus unmittelbar oder mittelbar resultierenden Streitigkeitender Vertragspartner wird Neunkirchen-Seelscheid als Erf\u00fcllungsort und Gerichtsstand vereinbart, sofern es sich bei den Vertragspartnern um Kaufleute, juristische Personen des \u00f6ffentlichen Rechts oder \u00f6ffentlich-rechtliche Sonderverm\u00f6gen handelt.<\/p>\n<p><strong>\u00a7 14 Technische Verf\u00fcgbarkeit des Onlineshops von ExTrade<\/strong><\/p>\n<p>Eine konstante technische Verf\u00fcgbarkeit von Websites ist nicht zu gew\u00e4hrleisten. ExTrade wird alle in seiner Risikosph\u00e4re liegenden und technisch zumutbaren Ma\u00dfnahmen ergreifen, um eine technische Verf\u00fcgbarkeit zu erreichen. Von Dritten durchgef\u00fchrte Wartungs- oder Sicherheitsarbeiten oder sonstige Ereignisse, die nicht in der Risikosph\u00e4re von ExTrade verursacht worden sind, k\u00f6nnen jedoch jederzeit Beeintr\u00e4chtigungen der technischen Verf\u00fcgbarkeit des Online-Shops von ExTrade hervorrufen.<\/p>\n<p><strong>\u00a7 15 Salvatorische Klausel<\/strong><\/p>\n<p>Sollten einzelne Bestimmungen des Vertrages mit dem Kunden einschlie\u00dflich dieser AGB ganz oder teilweise unwirksam sein bzw. unwirksam werden oder die Vereinbarungen eine L\u00fccke enthalten, so wird hierdurch die G\u00fcltigkeit der \u00fcbrigen Bestimmungen nicht ber\u00fchrt.<\/p>\n<p>Neunkirchen-Seelscheid, den 13.06.2014<\/p>\n<\/div>\n<\/section>\n","protected":false},"excerpt":{"rendered":"<p>Allgemeine Gesch\u00e4ftsbedingungen der ExTrade Trapp u. Partner GmbH, www.extrade.de F\u00fcr das Internetangebot auf www.extrade.de ist verantwortlich: ExTrade Trapp u. Partner GmbH, Gesch\u00e4ftsf\u00fchrer: Alfred Trapp, Oberdorster Stra\u00dfe 4, 53819 Neunkirchen-Seelscheid, Deutschland, Telefon: +49 2243 911280, Telefax: +49 2243 9112829, eMail: info@extradeweb.de \u00a7 1 Allgemeines 1.1 Diese Allgemeinen Gesch\u00e4ftsbedingungen (AGB) gelten f\u00fcr alle Angebote und Leistungen betreffend [&hellip;]<\/p>\n","protected":false},"author":1,"featured_media":0,"parent":0,"menu_order":50,"comment_status":"closed","ping_status":"closed","template":"page-legal.php","meta":{"_acf_changed":false,"footnotes":""},"class_list":["post-556","page","type-page","status-publish","hentry"],"acf":[],"aioseo_notices":[],"_links":{"self":[{"href":"https:\/\/136017-v1.webtonia.cloud\/en\/wp-json\/wp\/v2\/pages\/556","targetHints":{"allow":["GET"]}}],"collection":[{"href":"https:\/\/136017-v1.webtonia.cloud\/en\/wp-json\/wp\/v2\/pages"}],"about":[{"href":"https:\/\/136017-v1.webtonia.cloud\/en\/wp-json\/wp\/v2\/types\/page"}],"author":[{"embeddable":true,"href":"https:\/\/136017-v1.webtonia.cloud\/en\/wp-json\/wp\/v2\/users\/1"}],"replies":[{"embeddable":true,"href":"https:\/\/136017-v1.webtonia.cloud\/en\/wp-json\/wp\/v2\/comments?post=556"}],"version-history":[{"count":4,"href":"https:\/\/136017-v1.webtonia.cloud\/en\/wp-json\/wp\/v2\/pages\/556\/revisions"}],"predecessor-version":[{"id":1518,"href":"https:\/\/136017-v1.webtonia.cloud\/en\/wp-json\/wp\/v2\/pages\/556\/revisions\/1518"}],"wp:attachment":[{"href":"https:\/\/136017-v1.webtonia.cloud\/en\/wp-json\/wp\/v2\/media?parent=556"}],"curies":[{"name":"wp","href":"https:\/\/api.w.org\/{rel}","templated":true}]}}