{"id":1511,"date":"2020-09-01T11:40:20","date_gmt":"2020-09-01T09:40:20","guid":{"rendered":"https:\/\/136017-v1.webtonia.cloud\/?page_id=1511"},"modified":"2020-09-02T11:15:52","modified_gmt":"2020-09-02T09:15:52","slug":"1511-2","status":"publish","type":"page","link":"https:\/\/136017-v1.webtonia.cloud\/en\/1511-2\/","title":{"rendered":"Inprint"},"content":{"rendered":"<section id=\"legal-page-template\" class=\"uk-section\">\n<div class=\"uk-container\">\n<h1 class=\"uk-h2 uk-text-left\">Impressum<\/h1>\n<h2>Angaben gem\u00e4\u00df \u00a7 5 TMG<\/h2>\n<p class=\"bodytext\">ExTrade Trapp u. Partner GmbH<br \/>\nOberdorster Stra\u00dfe 4<br \/>\n53819 Neunkirchen-Seelscheid<\/p>\n<p class=\"bodytext\">Handelsregister: HRB 3661<br \/>\nRegistergericht: Amtsgericht Siegburg<\/p>\n<p class=\"bodytext\"><b>Vertreten durch die Gesch\u00e4ftsf\u00fchrer:<\/b><br \/>\nAlfred F. Trapp<\/p>\n<h2>Kontakt<\/h2>\n<p class=\"bodytext\">Telefon: +49 (0) 2243 911280<br \/>\nTelefax: +49 (0) 2243 9112829<br \/>\nE-Mail: info@extrade.de<\/p>\n<h2>Postadresse<\/h2>\n<p class=\"bodytext\">B\u00fcro und Lager:<br \/>\nForster Stra\u00dfe 25<br \/>\n53783 Eitorf<\/p>\n<h2>Umsatzsteuer<\/h2>\n<p class=\"bodytext\">Umsatzsteuer-Identifikationsnummer gem\u00e4\u00df \u00a727 a Umsatzsteuergesetz:<br \/>\nDE 153 257 072<\/p>\n<h2>Streitschlichtung<\/h2>\n<p class=\"bodytext\">Die Europ\u00e4ische Kommission stellt eine Plattform zur Online-Streitbeilegung (OS) bereit: <a href=\"https:\/\/ec.europa.eu\/consumers\/odr\" target=\"_blank\" rel=\"noopener noreferrer\">https:\/\/ec.europa.eu\/consumers\/odr<\/a>.<br \/>\nUnsere E-Mail-Adresse finden Sie oben im Impressum.<\/p>\n<p class=\"bodytext\">Wir sind nicht bereit oder verpflichtet, an Streitbeilegungsverfahren vor einer Verbraucherschlichtungsstelle teilzunehmen.<\/p>\n<h3>Haftung f\u00fcr Inhalte<\/h3>\n<p class=\"bodytext\">Als Diensteanbieter sind wir gem\u00e4\u00df \u00a7 7 Abs.1 TMG f\u00fcr eigene Inhalte auf diesen Seiten nach den allgemeinen Gesetzen verantwortlich. Nach \u00a7\u00a7 8 bis 10 TMG sind wir als Diensteanbieter jedoch nicht verpflichtet, \u00fcbermittelte oder gespeicherte fremde Informationen zu \u00fcberwachen oder nach Umst\u00e4nden zu forschen, die auf eine rechtswidrige T\u00e4tigkeit hinweisen.<\/p>\n<p class=\"bodytext\">Verpflichtungen zur Entfernung oder Sperrung der Nutzung von Informationen nach den allgemeinen Gesetzen bleiben hiervon unber\u00fchrt. Eine diesbez\u00fcgliche Haftung ist jedoch erst ab dem Zeitpunkt der Kenntnis einer konkreten Rechtsverletzung m\u00f6glich. Bei Bekanntwerden von entsprechenden Rechtsverletzungen werden wir diese Inhalte umgehend entfernen.<\/p>\n<h3>Haftung f\u00fcr Links<\/h3>\n<p class=\"bodytext\">Unser Angebot enth\u00e4lt Links zu externen Websites Dritter, auf deren Inhalte wir keinen Einfluss haben. Deshalb k\u00f6nnen wir f\u00fcr diese fremden Inhalte auch keine Gew\u00e4hr \u00fcbernehmen. F\u00fcr die Inhalte der verlinkten Seiten ist stets der jeweilige Anbieter oder Betreiber der Seiten verantwortlich. Die verlinkten Seiten wurden zum Zeitpunkt der Verlinkung auf m\u00f6gliche Rechtsverst\u00f6\u00dfe \u00fcberpr\u00fcft. Rechtswidrige Inhalte waren zum Zeitpunkt der Verlinkung nicht erkennbar.<\/p>\n<p class=\"bodytext\">Eine permanente inhaltliche Kontrolle der verlinkten Seiten ist jedoch ohne konkrete Anhaltspunkte einer Rechtsverletzung nicht zumutbar. Bei Bekanntwerden von Rechtsverletzungen werden wir derartige Links umgehend entfernen.<\/p>\n<h3>Urheberrecht<\/h3>\n<p class=\"bodytext\">Die durch die Seitenbetreiber erstellten Inhalte und Werke auf diesen Seiten unterliegen dem deutschen Urheberrecht. Die Vervielf\u00e4ltigung, Bearbeitung, Verbreitung und jede Art der Verwertung au\u00dferhalb der Grenzen des Urheberrechtes bed\u00fcrfen der schriftlichen Zustimmung des jeweiligen Autors bzw. Erstellers. Downloads und Kopien dieser Seite sind nur f\u00fcr den privaten, nicht kommerziellen Gebrauch gestattet.<\/p>\n<p class=\"bodytext\">Soweit die Inhalte auf dieser Seite nicht vom Betreiber erstellt wurden, werden die Urheberrechte Dritter beachtet. Insbesondere werden Inhalte Dritter als solche gekennzeichnet. Sollten Sie trotzdem auf eine Urheberrechtsverletzung aufmerksam werden, bitten wir um einen entsprechenden Hinweis. Bei Bekanntwerden von Rechtsverletzungen werden wir derartige Inhalte umgehend entfernen.<\/p>\n<h2><b>Marken- und Warenzeichen<\/b><\/h2>\n<p class=\"bodytext\">Alle genannten und gezeigten Marken- oder Warenzeichen sind eingetragene Marken oder eingetragene Warenzeichen ihrer jeweiligen Eigent\u00fcmer. Marken- oder Warenzeichen wurden in der Regel nicht als solche kenntlich gemacht. Das Fehlen einer solchen Kennzeichnung bedeutet nicht, dass es sich um einen freien Namen im Sinne des Waren- und Markenzeichenrechts handelt.<\/p>\n<\/div>\n<\/section>\n","protected":false},"excerpt":{"rendered":"<p>Impressum Angaben gem\u00e4\u00df \u00a7 5 TMG ExTrade Trapp u. Partner GmbH Oberdorster Stra\u00dfe 4 53819 Neunkirchen-Seelscheid Handelsregister: HRB 3661 Registergericht: Amtsgericht Siegburg Vertreten durch die Gesch\u00e4ftsf\u00fchrer: Alfred F. Trapp Kontakt Telefon: +49 (0) 2243 911280 Telefax: +49 (0) 2243 9112829 E-Mail: info@extrade.de Postadresse B\u00fcro und Lager: Forster Stra\u00dfe 25 53783 Eitorf Umsatzsteuer Umsatzsteuer-Identifikationsnummer gem\u00e4\u00df \u00a727 [&hellip;]<\/p>\n","protected":false},"author":3,"featured_media":0,"parent":0,"menu_order":78,"comment_status":"closed","ping_status":"closed","template":"page-legal.php","meta":{"_acf_changed":false,"footnotes":""},"class_list":["post-1511","page","type-page","status-publish","hentry"],"acf":[],"aioseo_notices":[],"_links":{"self":[{"href":"https:\/\/136017-v1.webtonia.cloud\/en\/wp-json\/wp\/v2\/pages\/1511","targetHints":{"allow":["GET"]}}],"collection":[{"href":"https:\/\/136017-v1.webtonia.cloud\/en\/wp-json\/wp\/v2\/pages"}],"about":[{"href":"https:\/\/136017-v1.webtonia.cloud\/en\/wp-json\/wp\/v2\/types\/page"}],"author":[{"embeddable":true,"href":"https:\/\/136017-v1.webtonia.cloud\/en\/wp-json\/wp\/v2\/users\/3"}],"replies":[{"embeddable":true,"href":"https:\/\/136017-v1.webtonia.cloud\/en\/wp-json\/wp\/v2\/comments?post=1511"}],"version-history":[{"count":2,"href":"https:\/\/136017-v1.webtonia.cloud\/en\/wp-json\/wp\/v2\/pages\/1511\/revisions"}],"predecessor-version":[{"id":1550,"href":"https:\/\/136017-v1.webtonia.cloud\/en\/wp-json\/wp\/v2\/pages\/1511\/revisions\/1550"}],"wp:attachment":[{"href":"https:\/\/136017-v1.webtonia.cloud\/en\/wp-json\/wp\/v2\/media?parent=1511"}],"curies":[{"name":"wp","href":"https:\/\/api.w.org\/{rel}","templated":true}]}}